{"id":182,"date":"2022-06-23T11:46:19","date_gmt":"2022-06-23T10:46:19","guid":{"rendered":"http:\/\/nosesso.net\/gratis-anslutningswebbplatser\/"},"modified":"2022-07-05T12:56:27","modified_gmt":"2022-07-05T11:56:27","slug":"gratis-anslutningswebbplatser","status":"publish","type":"page","link":"https:\/\/nosesso.net\/sv\/gratis-anslutningswebbplatser\/","title":{"rendered":"Gratis anslutningswebbplatser"},"content":{"rendered":"<p>Lokala chattappar har blivit alltmer popul\u00e4ra under de senaste \u00e5ren, och det \u00e4r ingen \u00f6verraskning varf\u00f6r. Med \u00f6kningen av online-datingsidor har lokala anslutningar blivit enklare \u00e4n n\u00e5gonsin.<\/p>\n<p>Men om du vill tr\u00e4ffa n\u00e5gon som bor i n\u00e4rheten \u00e4r det b\u00e4st att f\u00f6rs\u00f6ka tr\u00e4ffa m\u00e4nniskor ansikte mot ansikte. P\u00e5 s\u00e5 s\u00e4tt kan du faktiskt prata med dem och l\u00e4ra k\u00e4nna varandra. Det \u00e4r ocks\u00e5 mycket s\u00e4krare \u00e4n att f\u00f6rs\u00f6ka <a href=\"http:\/\/nosesso.net\/sv\/typer-av-anslutningswebbplatser\/\">tr\u00e4ffa n\u00e5gon online<\/a>.<\/p>\n<p>Det finns m\u00e5nga olika s\u00e4tt att tr\u00e4ffa m\u00e4nniskor lokalt, bland annat genom v\u00e4nner, klubbar, barer, kaf\u00e9er och mer. Nyckeln \u00e4r att hitta den typ av person du vill tr\u00e4ffa. Om du till exempel \u00e4r intresserad av avslappnad <a href=\"http:\/\/www.dejtagratis.com\/gratis-sex-kontakte\/\">grattis sex<\/a> du vill g\u00e5 med i en swingersklubb. Men om du letar efter ett f\u00f6rh\u00e5llande kan du f\u00f6rs\u00f6ka g\u00e5 med i en singelgrupp.<\/p>\n<p><img loading=\"lazy\" class=\"aligncenter size-full wp-image-51\" src=\"http:\/\/nosesso.net\/wp-content\/uploads\/2022\/06\/love-again.webp\" alt=\"\" width=\"500\" height=\"750\" srcset=\"https:\/\/nosesso.net\/wp-content\/uploads\/2022\/06\/love-again.webp 500w, https:\/\/nosesso.net\/wp-content\/uploads\/2022\/06\/love-again-200x300.webp 200w\" sizes=\"(max-width: 500px) 100vw, 500px\" \/><\/p>\n<h2>Var f\u00f6rsiktig<\/h2>\n<p>Oavsett var du best\u00e4mmer dig f\u00f6r att tr\u00e4ffa m\u00e4nniskor, kom ih\u00e5g att vara s\u00e4ker. Se till att du alltid anv\u00e4nder skydd n\u00e4r du har sex. Ge aldrig ut personlig information till n\u00e5gon du tr\u00e4ffar online eller offline.<\/p>\n<p>Sexdejtingsajter blir alltmer popul\u00e4ra bland singlar som letar efter k\u00e4rlek online. Dessa webbplatser till\u00e5ter medlemmar att tr\u00e4ffa andra m\u00e4nniskor baserat p\u00e5 gemensamma intressen, plats, \u00e5lder, k\u00f6n etc. och sedan ordna datum. De b\u00e4sta sexdejtingsajterna erbjuder funktioner som chattrum, fotogallerier, videochattar och anslagstavlor d\u00e4r medlemmar kan interagera med varandra.<\/p>\n<p>M\u00e5nga av dessa webbplatser tillhandah\u00e5ller ocks\u00e5 ytterligare tj\u00e4nster, inklusive mobilappar, gratis medlemskap och betalda prenumerationer. Sexdejtingsajter \u00e4r ett bra alternativ f\u00f6r alla som vill prova <a href=\"http:\/\/nosesso.net\/sv\/varfor-lokala-anslutningsappar-kan-vara-ratt-for-dig\/\">avslappnad dejting<\/a> utan att beh\u00f6va oroa sig f\u00f6r engagemang.<\/p>\n<h2>Typer av dejtingappar<\/h2>\n<p>Det finns m\u00e5nga olika typer av <a href=\"http:\/\/www.datingdanmark.net\/find-en-sexpartner\/\">find sexpartner<\/a>, s\u00e5 v\u00e4lj en som matchar dina behov. Om du till exempel letar efter ett l\u00e5ngsiktigt f\u00f6rh\u00e5llande kan en kristen webbplats vara idealisk. Men om du bara vill experimentera kan en avslappnad sexsida fungera b\u00e4ttre.<\/p>\n<p>Det \u00e4r viktigt att komma ih\u00e5g att sexdejtingsajter inte alltid \u00e4r s\u00e4kra platser att tr\u00e4ffa m\u00e4nniskor. Se till att l\u00e4sa recensioner fr\u00e5n tidigare anv\u00e4ndare innan du registrerar dig. Ge aldrig ut personlig information som kreditkortsnummer eller bankkontouppgifter.<\/p>\n<p>Det finns m\u00e5nga olika typer av avslappnade dejtingsajter tillg\u00e4ngliga online idag. Vissa \u00e4r gratis medan andra kr\u00e4ver betalning. Det finns ocks\u00e5 m\u00e5nga olika s\u00e4tt att tr\u00e4ffa n\u00e5gon via dessa webbplatser. Oavsett om du letar efter en snabb fling eller ett l\u00e5ngsiktigt f\u00f6rh\u00e5llande kan det vara sv\u00e5rt att hitta r\u00e4tt person.<\/p>\n<h3>Avslappnat dejta online<\/h3>\n<p>En av de b\u00e4sta platserna att leta efter potentiella partners \u00e4r genom en avslappnad dejtingsajt. Med dessa webbplatser kan du bl\u00e4ddra bland profiler och skicka meddelanden till medlemmar som intresserar dig. M\u00e5nga av dessa webbplatser erbjuder funktioner som chattrum, snabbmeddelanden, videochatt och fotodelning.<\/p>\n<p>Dessa webbplatser \u00e4r perfekta om du vill tr\u00e4ffa n\u00e5gon tillf\u00e4lligt utan att beh\u00f6va betala f\u00f6r en medlemsavgift. Du m\u00e5ste dock fortfarande vara f\u00f6rsiktig n\u00e4r du registrerar dig f\u00f6r dessa tj\u00e4nster. Se till att du l\u00e4ser recensioner fr\u00e5n andra anv\u00e4ndare f\u00f6r att l\u00e4ra dig mer om de s\u00e4kerhetsproblem som \u00e4r associerade med varje tj\u00e4nst. Se ocks\u00e5 till att du v\u00e4ljer ett v\u00e4lrenommerat f\u00f6retag f\u00f6r att undvika att bli lurad.<\/p>\n<p>N\u00e5gra av de mest popul\u00e4ra avslappnade dejtingsajterna inkluderar Match.com, OkCupid, PlentyOfFish och Tinder. Var och en av dessa webbplatser har sin egen unika upps\u00e4ttning funktioner som g\u00f6r det enkelt att f\u00e5 kontakt med m\u00e4nniskor i n\u00e4rheten. Med Match.com kan du till exempel skapa en profil och ladda upp foton. Sedan kan du s\u00f6ka efter matchningar baserat p\u00e5 plats, \u00e5lder, k\u00f6n, sexuell l\u00e4ggning med mera.<\/p>\n","protected":false},"excerpt":{"rendered":"<p>Lokala chattappar har blivit alltmer popul\u00e4ra under de senaste \u00e5ren, och det \u00e4r ingen \u00f6verraskning varf\u00f6r. Med \u00f6kningen av online-datingsidor har lokala anslutningar blivit enklare \u00e4n n\u00e5gonsin. Men om du vill tr\u00e4ffa n\u00e5gon som bor i n\u00e4rheten \u00e4r det b\u00e4st att f\u00f6rs\u00f6ka tr\u00e4ffa m\u00e4nniskor ansikte mot ansikte. P\u00e5 s\u00e5 s\u00e4tt kan du faktiskt prata med &#8230; <a title=\"Gratis anslutningswebbplatser\" class=\"read-more\" href=\"https:\/\/nosesso.net\/sv\/gratis-anslutningswebbplatser\/\" aria-label=\"Mer p\u00e5 Gratis anslutningswebbplatser\">L\u00e4s mer<\/a><\/p>\n","protected":false},"author":1,"featured_media":0,"parent":0,"menu_order":0,"comment_status":"closed","ping_status":"closed","template":"","meta":[],"yoast_head":"<!-- This site is optimized with the Yoast SEO plugin v17.7.1 - https:\/\/yoast.com\/wordpress\/plugins\/seo\/ -->\n<title>Gratis anslutningswebbplatser - No Sesso<\/title>\n<meta name=\"robots\" content=\"index, follow, max-snippet:-1, max-image-preview:large, max-video-preview:-1\" \/>\n<link rel=\"canonical\" href=\"https:\/\/nosesso.net\/sv\/gratis-anslutningswebbplatser\/\" \/>\n<meta property=\"og:locale\" content=\"sv_SE\" \/>\n<meta property=\"og:type\" content=\"article\" \/>\n<meta property=\"og:title\" content=\"Gratis anslutningswebbplatser - No Sesso\" \/>\n<meta property=\"og:description\" content=\"Lokala chattappar har blivit alltmer popul\u00e4ra under de senaste \u00e5ren, och det \u00e4r ingen \u00f6verraskning varf\u00f6r. Med \u00f6kningen av online-datingsidor har lokala anslutningar blivit enklare \u00e4n n\u00e5gonsin. Men om du vill tr\u00e4ffa n\u00e5gon som bor i n\u00e4rheten \u00e4r det b\u00e4st att f\u00f6rs\u00f6ka tr\u00e4ffa m\u00e4nniskor ansikte mot ansikte. P\u00e5 s\u00e5 s\u00e4tt kan du faktiskt prata med ... L\u00e4s mer\" \/>\n<meta property=\"og:url\" content=\"https:\/\/nosesso.net\/sv\/gratis-anslutningswebbplatser\/\" \/>\n<meta property=\"og:site_name\" content=\"No Sesso\" \/>\n<meta property=\"article:modified_time\" content=\"2022-07-05T11:56:27+00:00\" \/>\n<meta property=\"og:image\" content=\"http:\/\/nosesso.net\/wp-content\/uploads\/2022\/06\/love-again.webp\" \/>\n<meta name=\"twitter:card\" content=\"summary_large_image\" \/>\n<meta name=\"twitter:label1\" content=\"Ber\u00e4knad l\u00e4stid\" \/>\n\t<meta name=\"twitter:data1\" content=\"3 minuter\" \/>\n<script type=\"application\/ld+json\" class=\"yoast-schema-graph\">{\"@context\":\"https:\/\/schema.org\",\"@graph\":[{\"@type\":\"WebSite\",\"@id\":\"https:\/\/nosesso.net\/#website\",\"url\":\"https:\/\/nosesso.net\/\",\"name\":\"No Sesso\",\"description\":\"Real Dating Reviews\",\"potentialAction\":[{\"@type\":\"SearchAction\",\"target\":{\"@type\":\"EntryPoint\",\"urlTemplate\":\"https:\/\/nosesso.net\/?s={search_term_string}\"},\"query-input\":\"required name=search_term_string\"}],\"inLanguage\":\"sv-SE\"},{\"@type\":\"ImageObject\",\"@id\":\"https:\/\/nosesso.net\/sv\/gratis-anslutningswebbplatser\/#primaryimage\",\"inLanguage\":\"sv-SE\",\"url\":\"http:\/\/nosesso.net\/wp-content\/uploads\/2022\/06\/love-again.webp\",\"contentUrl\":\"http:\/\/nosesso.net\/wp-content\/uploads\/2022\/06\/love-again.webp\"},{\"@type\":\"WebPage\",\"@id\":\"https:\/\/nosesso.net\/sv\/gratis-anslutningswebbplatser\/#webpage\",\"url\":\"https:\/\/nosesso.net\/sv\/gratis-anslutningswebbplatser\/\",\"name\":\"Gratis anslutningswebbplatser - No Sesso\",\"isPartOf\":{\"@id\":\"https:\/\/nosesso.net\/#website\"},\"primaryImageOfPage\":{\"@id\":\"https:\/\/nosesso.net\/sv\/gratis-anslutningswebbplatser\/#primaryimage\"},\"datePublished\":\"2022-06-23T10:46:19+00:00\",\"dateModified\":\"2022-07-05T11:56:27+00:00\",\"breadcrumb\":{\"@id\":\"https:\/\/nosesso.net\/sv\/gratis-anslutningswebbplatser\/#breadcrumb\"},\"inLanguage\":\"sv-SE\",\"potentialAction\":[{\"@type\":\"ReadAction\",\"target\":[\"https:\/\/nosesso.net\/sv\/gratis-anslutningswebbplatser\/\"]}]},{\"@type\":\"BreadcrumbList\",\"@id\":\"https:\/\/nosesso.net\/sv\/gratis-anslutningswebbplatser\/#breadcrumb\",\"itemListElement\":[{\"@type\":\"ListItem\",\"position\":1,\"name\":\"Home\",\"item\":\"https:\/\/nosesso.net\/sv\/\"},{\"@type\":\"ListItem\",\"position\":2,\"name\":\"Gratis anslutningswebbplatser\"}]}]}<\/script>\n<!-- \/ Yoast SEO plugin. -->","yoast_head_json":{"title":"Gratis anslutningswebbplatser - No Sesso","robots":{"index":"index","follow":"follow","max-snippet":"max-snippet:-1","max-image-preview":"max-image-preview:large","max-video-preview":"max-video-preview:-1"},"canonical":"https:\/\/nosesso.net\/sv\/gratis-anslutningswebbplatser\/","og_locale":"sv_SE","og_type":"article","og_title":"Gratis anslutningswebbplatser - No Sesso","og_description":"Lokala chattappar har blivit alltmer popul\u00e4ra under de senaste \u00e5ren, och det \u00e4r ingen \u00f6verraskning varf\u00f6r. Med \u00f6kningen av online-datingsidor har lokala anslutningar blivit enklare \u00e4n n\u00e5gonsin. Men om du vill tr\u00e4ffa n\u00e5gon som bor i n\u00e4rheten \u00e4r det b\u00e4st att f\u00f6rs\u00f6ka tr\u00e4ffa m\u00e4nniskor ansikte mot ansikte. P\u00e5 s\u00e5 s\u00e4tt kan du faktiskt prata med ... L\u00e4s mer","og_url":"https:\/\/nosesso.net\/sv\/gratis-anslutningswebbplatser\/","og_site_name":"No Sesso","article_modified_time":"2022-07-05T11:56:27+00:00","og_image":[{"url":"http:\/\/nosesso.net\/wp-content\/uploads\/2022\/06\/love-again.webp"}],"twitter_card":"summary_large_image","twitter_misc":{"Ber\u00e4knad l\u00e4stid":"3 minuter"},"schema":{"@context":"https:\/\/schema.org","@graph":[{"@type":"WebSite","@id":"https:\/\/nosesso.net\/#website","url":"https:\/\/nosesso.net\/","name":"No Sesso","description":"Real Dating Reviews","potentialAction":[{"@type":"SearchAction","target":{"@type":"EntryPoint","urlTemplate":"https:\/\/nosesso.net\/?s={search_term_string}"},"query-input":"required name=search_term_string"}],"inLanguage":"sv-SE"},{"@type":"ImageObject","@id":"https:\/\/nosesso.net\/sv\/gratis-anslutningswebbplatser\/#primaryimage","inLanguage":"sv-SE","url":"http:\/\/nosesso.net\/wp-content\/uploads\/2022\/06\/love-again.webp","contentUrl":"http:\/\/nosesso.net\/wp-content\/uploads\/2022\/06\/love-again.webp"},{"@type":"WebPage","@id":"https:\/\/nosesso.net\/sv\/gratis-anslutningswebbplatser\/#webpage","url":"https:\/\/nosesso.net\/sv\/gratis-anslutningswebbplatser\/","name":"Gratis anslutningswebbplatser - No Sesso","isPartOf":{"@id":"https:\/\/nosesso.net\/#website"},"primaryImageOfPage":{"@id":"https:\/\/nosesso.net\/sv\/gratis-anslutningswebbplatser\/#primaryimage"},"datePublished":"2022-06-23T10:46:19+00:00","dateModified":"2022-07-05T11:56:27+00:00","breadcrumb":{"@id":"https:\/\/nosesso.net\/sv\/gratis-anslutningswebbplatser\/#breadcrumb"},"inLanguage":"sv-SE","potentialAction":[{"@type":"ReadAction","target":["https:\/\/nosesso.net\/sv\/gratis-anslutningswebbplatser\/"]}]},{"@type":"BreadcrumbList","@id":"https:\/\/nosesso.net\/sv\/gratis-anslutningswebbplatser\/#breadcrumb","itemListElement":[{"@type":"ListItem","position":1,"name":"Home","item":"https:\/\/nosesso.net\/sv\/"},{"@type":"ListItem","position":2,"name":"Gratis anslutningswebbplatser"}]}]}},"_links":{"self":[{"href":"https:\/\/nosesso.net\/sv\/wp-json\/wp\/v2\/pages\/182"}],"collection":[{"href":"https:\/\/nosesso.net\/sv\/wp-json\/wp\/v2\/pages"}],"about":[{"href":"https:\/\/nosesso.net\/sv\/wp-json\/wp\/v2\/types\/page"}],"author":[{"embeddable":true,"href":"https:\/\/nosesso.net\/sv\/wp-json\/wp\/v2\/users\/1"}],"replies":[{"embeddable":true,"href":"https:\/\/nosesso.net\/sv\/wp-json\/wp\/v2\/comments?post=182"}],"version-history":[{"count":1,"href":"https:\/\/nosesso.net\/sv\/wp-json\/wp\/v2\/pages\/182\/revisions"}],"predecessor-version":[{"id":285,"href":"https:\/\/nosesso.net\/sv\/wp-json\/wp\/v2\/pages\/182\/revisions\/285"}],"wp:attachment":[{"href":"https:\/\/nosesso.net\/sv\/wp-json\/wp\/v2\/media?parent=182"}],"curies":[{"name":"wp","href":"https:\/\/api.w.org\/{rel}","templated":true}]}}